{"id":724,"date":"2025-04-08T15:02:21","date_gmt":"2025-04-08T15:02:21","guid":{"rendered":"https:\/\/www.pierre-latine.com\/?post_type=product&#038;p=724"},"modified":"2026-01-12T15:16:17","modified_gmt":"2026-01-12T15:16:17","slug":"clos-du-crosex-grille-cuvee-excellentia-syrah","status":"publish","type":"product","link":"https:\/\/www.pierre-latine.com\/en\/product\/clos-du-crosex-grille-cuvee-excellentia-syrah\/","title":{"rendered":"Clos du Crosex Grill\u00e9 &#8211; Cuv\u00e9e Excellentia (Syrah)"},"content":{"rendered":"","protected":false},"excerpt":{"rendered":"<p>Clos du Crosex Grill\u00e9 &#8211; Aigle Grand Cru &#8211; AOC Chablais<\/p>\n<p><em>Cuv\u00e9e Excellentia (Syrah)<\/em><\/p>\n","protected":false},"featured_media":773,"template":"","meta":{"_acf_changed":false},"product_brand":[],"product_cat":[16],"product_tag":[],"class_list":{"0":"post-724","1":"product","2":"type-product","3":"status-publish","4":"has-post-thumbnail","6":"product_cat-uncategorized","8":"first","9":"instock","10":"shipping-taxable","11":"purchasable","12":"product-type-variable"},"acf":[],"yoast_head":"<!-- This site is optimized with the Yoast SEO plugin v26.9 - https:\/\/yoast.com\/product\/yoast-seo-wordpress\/ -->\n<title>Clos du Crosex Grill\u00e9 - Cuv\u00e9e Excellentia (Syrah) - Domaine de La Pierre Latine<\/title>\n<meta name=\"robots\" content=\"index, follow, max-snippet:-1, max-image-preview:large, max-video-preview:-1\" \/>\n<link rel=\"canonical\" href=\"https:\/\/www.pierre-latine.com\/en\/product\/clos-du-crosex-grille-cuvee-excellentia-syrah\/\" \/>\n<meta property=\"og:locale\" content=\"en_US\" \/>\n<meta property=\"og:type\" content=\"article\" \/>\n<meta property=\"og:title\" content=\"Clos du Crosex Grill\u00e9 - Cuv\u00e9e Excellentia (Syrah) - Domaine de La Pierre Latine\" \/>\n<meta property=\"og:description\" content=\"Clos du Crosex Grill\u00e9 - Aigle Grand Cru - AOC Chablais  Cuv\u00e9e Excellentia (Syrah)\" \/>\n<meta property=\"og:url\" content=\"https:\/\/www.pierre-latine.com\/en\/product\/clos-du-crosex-grille-cuvee-excellentia-syrah\/\" \/>\n<meta property=\"og:site_name\" content=\"Domaine de La Pierre Latine\" \/>\n<meta property=\"article:publisher\" content=\"https:\/\/www.facebook.com\/p\/Domaine-de-La-Pierre-Latine-100057383989049\/\" \/>\n<meta property=\"article:modified_time\" content=\"2026-01-12T15:16:17+00:00\" \/>\n<meta property=\"og:image\" content=\"https:\/\/www.pierre-latine.com\/wp-content\/uploads\/2025\/04\/PL_Packshot_CrosexGrille-Cuvee-Excellentia-scaled.jpg\" \/>\n\t<meta property=\"og:image:width\" content=\"2560\" \/>\n\t<meta property=\"og:image:height\" content=\"1684\" \/>\n\t<meta property=\"og:image:type\" content=\"image\/jpeg\" \/>\n<meta name=\"twitter:card\" content=\"summary_large_image\" \/>\n<meta name=\"twitter:label1\" content=\"Est. reading time\" \/>\n\t<meta name=\"twitter:data1\" content=\"1 minute\" \/>\n<script type=\"application\/ld+json\" class=\"yoast-schema-graph\">{\"@context\":\"https:\/\/schema.org\",\"@graph\":[{\"@type\":\"WebPage\",\"@id\":\"https:\/\/www.pierre-latine.com\/en\/product\/clos-du-crosex-grille-cuvee-excellentia-syrah\/\",\"url\":\"https:\/\/www.pierre-latine.com\/en\/product\/clos-du-crosex-grille-cuvee-excellentia-syrah\/\",\"name\":\"Clos du Crosex Grill\u00e9 - Cuv\u00e9e Excellentia (Syrah) - Domaine de La Pierre Latine\",\"isPartOf\":{\"@id\":\"https:\/\/www.pierre-latine.com\/en\/#website\"},\"primaryImageOfPage\":{\"@id\":\"https:\/\/www.pierre-latine.com\/en\/product\/clos-du-crosex-grille-cuvee-excellentia-syrah\/#primaryimage\"},\"image\":{\"@id\":\"https:\/\/www.pierre-latine.com\/en\/product\/clos-du-crosex-grille-cuvee-excellentia-syrah\/#primaryimage\"},\"thumbnailUrl\":\"https:\/\/www.pierre-latine.com\/wp-content\/uploads\/2025\/04\/PL_Packshot_CrosexGrille-Cuvee-Excellentia-scaled.jpg\",\"datePublished\":\"2025-04-08T15:02:21+00:00\",\"dateModified\":\"2026-01-12T15:16:17+00:00\",\"breadcrumb\":{\"@id\":\"https:\/\/www.pierre-latine.com\/en\/product\/clos-du-crosex-grille-cuvee-excellentia-syrah\/#breadcrumb\"},\"inLanguage\":\"en-US\",\"potentialAction\":[{\"@type\":\"ReadAction\",\"target\":[\"https:\/\/www.pierre-latine.com\/en\/product\/clos-du-crosex-grille-cuvee-excellentia-syrah\/\"]}]},{\"@type\":\"ImageObject\",\"inLanguage\":\"en-US\",\"@id\":\"https:\/\/www.pierre-latine.com\/en\/product\/clos-du-crosex-grille-cuvee-excellentia-syrah\/#primaryimage\",\"url\":\"https:\/\/www.pierre-latine.com\/wp-content\/uploads\/2025\/04\/PL_Packshot_CrosexGrille-Cuvee-Excellentia-scaled.jpg\",\"contentUrl\":\"https:\/\/www.pierre-latine.com\/wp-content\/uploads\/2025\/04\/PL_Packshot_CrosexGrille-Cuvee-Excellentia-scaled.jpg\",\"width\":2560,\"height\":1684},{\"@type\":\"BreadcrumbList\",\"@id\":\"https:\/\/www.pierre-latine.com\/en\/product\/clos-du-crosex-grille-cuvee-excellentia-syrah\/#breadcrumb\",\"itemListElement\":[{\"@type\":\"ListItem\",\"position\":1,\"name\":\"Accueil\",\"item\":\"https:\/\/www.pierre-latine.com\/\"},{\"@type\":\"ListItem\",\"position\":2,\"name\":\"Shop\",\"item\":\"https:\/\/www.pierre-latine.com\/en\/shop\/\"},{\"@type\":\"ListItem\",\"position\":3,\"name\":\"Clos du Crosex Grill\u00e9 &#8211; Cuv\u00e9e Excellentia (Syrah)\"}]},{\"@type\":\"WebSite\",\"@id\":\"https:\/\/www.pierre-latine.com\/en\/#website\",\"url\":\"https:\/\/www.pierre-latine.com\/en\/\",\"name\":\"Domaine Pierre Latine\",\"description\":\"\",\"publisher\":{\"@id\":\"https:\/\/www.pierre-latine.com\/en\/#organization\"},\"potentialAction\":[{\"@type\":\"SearchAction\",\"target\":{\"@type\":\"EntryPoint\",\"urlTemplate\":\"https:\/\/www.pierre-latine.com\/en\/?s={search_term_string}\"},\"query-input\":{\"@type\":\"PropertyValueSpecification\",\"valueRequired\":true,\"valueName\":\"search_term_string\"}}],\"inLanguage\":\"en-US\"},{\"@type\":\"Organization\",\"@id\":\"https:\/\/www.pierre-latine.com\/en\/#organization\",\"name\":\"Domaine Pierre Latine\",\"url\":\"https:\/\/www.pierre-latine.com\/en\/\",\"logo\":{\"@type\":\"ImageObject\",\"inLanguage\":\"en-US\",\"@id\":\"https:\/\/www.pierre-latine.com\/en\/#\/schema\/logo\/image\/\",\"url\":\"https:\/\/www.pierre-latine.com\/wp-content\/uploads\/2024\/12\/LOGO_Vertical.svg\",\"contentUrl\":\"https:\/\/www.pierre-latine.com\/wp-content\/uploads\/2024\/12\/LOGO_Vertical.svg\",\"width\":1,\"height\":1,\"caption\":\"Domaine Pierre Latine\"},\"image\":{\"@id\":\"https:\/\/www.pierre-latine.com\/en\/#\/schema\/logo\/image\/\"},\"sameAs\":[\"https:\/\/www.facebook.com\/p\/Domaine-de-La-Pierre-Latine-100057383989049\/\",\"https:\/\/www.instagram.com\/domainepierrelatine\"]}]}<\/script>\n<!-- \/ Yoast SEO plugin. -->","yoast_head_json":{"title":"Clos du Crosex Grill\u00e9 - Cuv\u00e9e Excellentia (Syrah) - Domaine de La Pierre Latine","robots":{"index":"index","follow":"follow","max-snippet":"max-snippet:-1","max-image-preview":"max-image-preview:large","max-video-preview":"max-video-preview:-1"},"canonical":"https:\/\/www.pierre-latine.com\/en\/product\/clos-du-crosex-grille-cuvee-excellentia-syrah\/","og_locale":"en_US","og_type":"article","og_title":"Clos du Crosex Grill\u00e9 - Cuv\u00e9e Excellentia (Syrah) - Domaine de La Pierre Latine","og_description":"Clos du Crosex Grill\u00e9 - Aigle Grand Cru - AOC Chablais  Cuv\u00e9e Excellentia (Syrah)","og_url":"https:\/\/www.pierre-latine.com\/en\/product\/clos-du-crosex-grille-cuvee-excellentia-syrah\/","og_site_name":"Domaine de La Pierre Latine","article_publisher":"https:\/\/www.facebook.com\/p\/Domaine-de-La-Pierre-Latine-100057383989049\/","article_modified_time":"2026-01-12T15:16:17+00:00","og_image":[{"width":2560,"height":1684,"url":"https:\/\/www.pierre-latine.com\/wp-content\/uploads\/2025\/04\/PL_Packshot_CrosexGrille-Cuvee-Excellentia-scaled.jpg","type":"image\/jpeg"}],"twitter_card":"summary_large_image","twitter_misc":{"Est. reading time":"1 minute"},"schema":{"@context":"https:\/\/schema.org","@graph":[{"@type":"WebPage","@id":"https:\/\/www.pierre-latine.com\/en\/product\/clos-du-crosex-grille-cuvee-excellentia-syrah\/","url":"https:\/\/www.pierre-latine.com\/en\/product\/clos-du-crosex-grille-cuvee-excellentia-syrah\/","name":"Clos du Crosex Grill\u00e9 - Cuv\u00e9e Excellentia (Syrah) - Domaine de La Pierre Latine","isPartOf":{"@id":"https:\/\/www.pierre-latine.com\/en\/#website"},"primaryImageOfPage":{"@id":"https:\/\/www.pierre-latine.com\/en\/product\/clos-du-crosex-grille-cuvee-excellentia-syrah\/#primaryimage"},"image":{"@id":"https:\/\/www.pierre-latine.com\/en\/product\/clos-du-crosex-grille-cuvee-excellentia-syrah\/#primaryimage"},"thumbnailUrl":"https:\/\/www.pierre-latine.com\/wp-content\/uploads\/2025\/04\/PL_Packshot_CrosexGrille-Cuvee-Excellentia-scaled.jpg","datePublished":"2025-04-08T15:02:21+00:00","dateModified":"2026-01-12T15:16:17+00:00","breadcrumb":{"@id":"https:\/\/www.pierre-latine.com\/en\/product\/clos-du-crosex-grille-cuvee-excellentia-syrah\/#breadcrumb"},"inLanguage":"en-US","potentialAction":[{"@type":"ReadAction","target":["https:\/\/www.pierre-latine.com\/en\/product\/clos-du-crosex-grille-cuvee-excellentia-syrah\/"]}]},{"@type":"ImageObject","inLanguage":"en-US","@id":"https:\/\/www.pierre-latine.com\/en\/product\/clos-du-crosex-grille-cuvee-excellentia-syrah\/#primaryimage","url":"https:\/\/www.pierre-latine.com\/wp-content\/uploads\/2025\/04\/PL_Packshot_CrosexGrille-Cuvee-Excellentia-scaled.jpg","contentUrl":"https:\/\/www.pierre-latine.com\/wp-content\/uploads\/2025\/04\/PL_Packshot_CrosexGrille-Cuvee-Excellentia-scaled.jpg","width":2560,"height":1684},{"@type":"BreadcrumbList","@id":"https:\/\/www.pierre-latine.com\/en\/product\/clos-du-crosex-grille-cuvee-excellentia-syrah\/#breadcrumb","itemListElement":[{"@type":"ListItem","position":1,"name":"Accueil","item":"https:\/\/www.pierre-latine.com\/"},{"@type":"ListItem","position":2,"name":"Shop","item":"https:\/\/www.pierre-latine.com\/en\/shop\/"},{"@type":"ListItem","position":3,"name":"Clos du Crosex Grill\u00e9 &#8211; Cuv\u00e9e Excellentia (Syrah)"}]},{"@type":"WebSite","@id":"https:\/\/www.pierre-latine.com\/en\/#website","url":"https:\/\/www.pierre-latine.com\/en\/","name":"Domaine Pierre Latine","description":"","publisher":{"@id":"https:\/\/www.pierre-latine.com\/en\/#organization"},"potentialAction":[{"@type":"SearchAction","target":{"@type":"EntryPoint","urlTemplate":"https:\/\/www.pierre-latine.com\/en\/?s={search_term_string}"},"query-input":{"@type":"PropertyValueSpecification","valueRequired":true,"valueName":"search_term_string"}}],"inLanguage":"en-US"},{"@type":"Organization","@id":"https:\/\/www.pierre-latine.com\/en\/#organization","name":"Domaine Pierre Latine","url":"https:\/\/www.pierre-latine.com\/en\/","logo":{"@type":"ImageObject","inLanguage":"en-US","@id":"https:\/\/www.pierre-latine.com\/en\/#\/schema\/logo\/image\/","url":"https:\/\/www.pierre-latine.com\/wp-content\/uploads\/2024\/12\/LOGO_Vertical.svg","contentUrl":"https:\/\/www.pierre-latine.com\/wp-content\/uploads\/2024\/12\/LOGO_Vertical.svg","width":1,"height":1,"caption":"Domaine Pierre Latine"},"image":{"@id":"https:\/\/www.pierre-latine.com\/en\/#\/schema\/logo\/image\/"},"sameAs":["https:\/\/www.facebook.com\/p\/Domaine-de-La-Pierre-Latine-100057383989049\/","https:\/\/www.instagram.com\/domainepierrelatine"]}]}},"_links":{"self":[{"href":"https:\/\/www.pierre-latine.com\/en\/wp-json\/wp\/v2\/product\/724","targetHints":{"allow":["GET"]}}],"collection":[{"href":"https:\/\/www.pierre-latine.com\/en\/wp-json\/wp\/v2\/product"}],"about":[{"href":"https:\/\/www.pierre-latine.com\/en\/wp-json\/wp\/v2\/types\/product"}],"wp:featuredmedia":[{"embeddable":true,"href":"https:\/\/www.pierre-latine.com\/en\/wp-json\/wp\/v2\/media\/773"}],"wp:attachment":[{"href":"https:\/\/www.pierre-latine.com\/en\/wp-json\/wp\/v2\/media?parent=724"}],"wp:term":[{"taxonomy":"product_brand","embeddable":true,"href":"https:\/\/www.pierre-latine.com\/en\/wp-json\/wp\/v2\/product_brand?post=724"},{"taxonomy":"product_cat","embeddable":true,"href":"https:\/\/www.pierre-latine.com\/en\/wp-json\/wp\/v2\/product_cat?post=724"},{"taxonomy":"product_tag","embeddable":true,"href":"https:\/\/www.pierre-latine.com\/en\/wp-json\/wp\/v2\/product_tag?post=724"}],"curies":[{"name":"wp","href":"https:\/\/api.w.org\/{rel}","templated":true}]}}